{"id":2107,"date":"2023-06-07T10:07:48","date_gmt":"2023-06-07T10:07:48","guid":{"rendered":"https:\/\/files4revival.com\/depot-de-documents-de-la-cmci\/traites\/traites-devangelisation\/"},"modified":"2023-06-07T10:07:48","modified_gmt":"2023-06-07T10:07:48","slug":"traites-devangelisation","status":"publish","type":"page","link":"https:\/\/files4revival.com\/fr\/depot-de-documents-de-la-cmci\/traites\/traites-devangelisation\/","title":{"rendered":"Trait\u00e9s d&rsquo;\u00e9vang\u00e9lisation"},"content":{"rendered":"<p><\/p>\n","protected":false},"excerpt":{"rendered":"","protected":false},"author":1,"featured_media":0,"parent":2105,"menu_order":0,"comment_status":"closed","ping_status":"closed","template":"","meta":{"jetpack_post_was_ever_published":false,"footnotes":""},"class_list":["post-2107","page","type-page","status-publish","hentry"],"jetpack-related-posts":[],"jetpack_likes_enabled":true,"jetpack_sharing_enabled":true,"_links":{"self":[{"href":"https:\/\/files4revival.com\/fr\/wp-json\/wp\/v2\/pages\/2107","targetHints":{"allow":["GET"]}}],"collection":[{"href":"https:\/\/files4revival.com\/fr\/wp-json\/wp\/v2\/pages"}],"about":[{"href":"https:\/\/files4revival.com\/fr\/wp-json\/wp\/v2\/types\/page"}],"author":[{"embeddable":true,"href":"https:\/\/files4revival.com\/fr\/wp-json\/wp\/v2\/users\/1"}],"replies":[{"embeddable":true,"href":"https:\/\/files4revival.com\/fr\/wp-json\/wp\/v2\/comments?post=2107"}],"version-history":[{"count":0,"href":"https:\/\/files4revival.com\/fr\/wp-json\/wp\/v2\/pages\/2107\/revisions"}],"up":[{"embeddable":true,"href":"https:\/\/files4revival.com\/fr\/wp-json\/wp\/v2\/pages\/2105"}],"wp:attachment":[{"href":"https:\/\/files4revival.com\/fr\/wp-json\/wp\/v2\/media?parent=2107"}],"curies":[{"name":"wp","href":"https:\/\/api.w.org\/{rel}","templated":true}]}}