{"id":2105,"date":"2023-06-07T10:07:06","date_gmt":"2023-06-07T10:07:06","guid":{"rendered":"https:\/\/files4revival.com\/depot-de-documents-de-la-cmci\/traites\/"},"modified":"2023-12-03T14:48:50","modified_gmt":"2023-12-03T14:48:50","slug":"traites","status":"publish","type":"page","link":"https:\/\/files4revival.com\/fr\/depot-de-documents-de-la-cmci\/traites\/","title":{"rendered":"Trait\u00e9s"},"content":{"rendered":"<p>Liste de trait\u00e9s d&rsquo;\u00e9vang\u00e9lisation, de r\u00e9veil, de salut, de miracles, de signes et de prodiges \u00e9crits par le professeur <a href=\"https:\/\/ztfomum.org\" target=\"_blank\" rel=\"noopener\">Zacharias Tanee Fomum<\/a>. Ils sont regroup\u00e9s sous diff\u00e9rentes langues. Faites-nous savoir s&rsquo;il manque des titres.<\/p>\n<p><\/p>\n<p><\/p>\n<p><\/p>\n<p><\/p>\n","protected":false},"excerpt":{"rendered":"<p>Liste de trait\u00e9s d&rsquo;\u00e9vang\u00e9lisation, de r\u00e9veil, de salut, de miracles, de signes et de prodiges \u00e9crits par le professeur Zacharias Tanee Fomum. Ils sont regroup\u00e9s sous diff\u00e9rentes langues. Faites-nous savoir s&rsquo;il manque des titres.<\/p>\n","protected":false},"author":1,"featured_media":0,"parent":2099,"menu_order":0,"comment_status":"closed","ping_status":"closed","template":"","meta":{"jetpack_post_was_ever_published":false,"footnotes":""},"class_list":["post-2105","page","type-page","status-publish","hentry"],"jetpack-related-posts":[],"jetpack_likes_enabled":true,"jetpack_sharing_enabled":true,"_links":{"self":[{"href":"https:\/\/files4revival.com\/fr\/wp-json\/wp\/v2\/pages\/2105","targetHints":{"allow":["GET"]}}],"collection":[{"href":"https:\/\/files4revival.com\/fr\/wp-json\/wp\/v2\/pages"}],"about":[{"href":"https:\/\/files4revival.com\/fr\/wp-json\/wp\/v2\/types\/page"}],"author":[{"embeddable":true,"href":"https:\/\/files4revival.com\/fr\/wp-json\/wp\/v2\/users\/1"}],"replies":[{"embeddable":true,"href":"https:\/\/files4revival.com\/fr\/wp-json\/wp\/v2\/comments?post=2105"}],"version-history":[{"count":0,"href":"https:\/\/files4revival.com\/fr\/wp-json\/wp\/v2\/pages\/2105\/revisions"}],"up":[{"embeddable":true,"href":"https:\/\/files4revival.com\/fr\/wp-json\/wp\/v2\/pages\/2099"}],"wp:attachment":[{"href":"https:\/\/files4revival.com\/fr\/wp-json\/wp\/v2\/media?parent=2105"}],"curies":[{"name":"wp","href":"https:\/\/api.w.org\/{rel}","templated":true}]}}