{"id":2103,"date":"2023-08-14T14:06:38","date_gmt":"2023-08-14T14:06:38","guid":{"rendered":"https:\/\/files4revival.com\/sujets-de-priere\/"},"modified":"2023-08-14T14:06:38","modified_gmt":"2023-08-14T14:06:38","slug":"sujets-de-priere","status":"publish","type":"page","link":"https:\/\/files4revival.com\/fr\/sujets-de-priere\/","title":{"rendered":"SUJETS DE PRIERE"},"content":{"rendered":"<p>Des sujets de pri\u00e8re g\u00e9n\u00e9riques pour divers aspects de notre but, de notre vision, de notre minist\u00e8re, de notre \u0153uvre et de notre vie d&rsquo;\u00e9glise.<\/p>\n<p><\/p>\n","protected":false},"excerpt":{"rendered":"<p>Des sujets de pri\u00e8re g\u00e9n\u00e9riques pour divers aspects de notre but, de notre vision, de notre minist\u00e8re, de notre \u0153uvre et de notre vie d&rsquo;\u00e9glise.<\/p>\n","protected":false},"author":1,"featured_media":0,"parent":0,"menu_order":0,"comment_status":"closed","ping_status":"closed","template":"","meta":{"jetpack_post_was_ever_published":false,"footnotes":""},"class_list":["post-2103","page","type-page","status-publish","hentry"],"jetpack-related-posts":[],"jetpack_likes_enabled":true,"jetpack_sharing_enabled":true,"_links":{"self":[{"href":"https:\/\/files4revival.com\/fr\/wp-json\/wp\/v2\/pages\/2103","targetHints":{"allow":["GET"]}}],"collection":[{"href":"https:\/\/files4revival.com\/fr\/wp-json\/wp\/v2\/pages"}],"about":[{"href":"https:\/\/files4revival.com\/fr\/wp-json\/wp\/v2\/types\/page"}],"author":[{"embeddable":true,"href":"https:\/\/files4revival.com\/fr\/wp-json\/wp\/v2\/users\/1"}],"replies":[{"embeddable":true,"href":"https:\/\/files4revival.com\/fr\/wp-json\/wp\/v2\/comments?post=2103"}],"version-history":[{"count":0,"href":"https:\/\/files4revival.com\/fr\/wp-json\/wp\/v2\/pages\/2103\/revisions"}],"wp:attachment":[{"href":"https:\/\/files4revival.com\/fr\/wp-json\/wp\/v2\/media?parent=2103"}],"curies":[{"name":"wp","href":"https:\/\/api.w.org\/{rel}","templated":true}]}}