{"id":2102,"date":"2023-02-25T11:50:09","date_gmt":"2023-02-25T11:50:09","guid":{"rendered":"https:\/\/files4revival.com\/accueil\/"},"modified":"2023-02-25T11:50:09","modified_gmt":"2023-02-25T11:50:09","slug":"accueil","status":"publish","type":"page","link":"https:\/\/files4revival.com\/fr\/","title":{"rendered":"Accueil"},"content":{"rendered":"<p>Un portail de ressources (FAQ, documents et fichiers) de la Communaut\u00e9 Missionnaire Chr\u00e9tienne Internationale (CMFI). Le portail de ressources unique pour les trait\u00e9s, les livres, les proph\u00e9ties, les sujets de pri\u00e8re, les messages, etc. de et pour notre communaut\u00e9.<\/p>\n<p>Vous y trouverez des informations de premi\u00e8re main sur les d\u00e9partements et les institutions de la CMCI, ainsi que des ressources pratiques pour soutenir votre travail sur le champ de mission.<\/p>\n<p>Le portail indique o\u00f9 trouver plus d&rsquo;informations sur la vie et le minist\u00e8re du Professeur <a href=\"https:\/\/ztfomum.org\" target=\"_blank\" rel=\"noopener\">Zacharias Tanee Fomum<\/a>.<\/p>\n","protected":false},"excerpt":{"rendered":"<p>Un portail de ressources (FAQ, documents et fichiers) de la Communaut\u00e9 Missionnaire Chr\u00e9tienne Internationale (CMFI). Le portail de ressources unique pour les trait\u00e9s, les livres, les proph\u00e9ties, les sujets de pri\u00e8re, les messages, etc. de et pour notre communaut\u00e9. Vous y trouverez des informations de premi\u00e8re main sur les d\u00e9partements&#8230;<\/p>\n","protected":false},"author":1,"featured_media":1315,"parent":0,"menu_order":0,"comment_status":"closed","ping_status":"closed","template":"","meta":{"jetpack_post_was_ever_published":false,"footnotes":""},"class_list":["post-2102","page","type-page","status-publish","has-post-thumbnail","hentry"],"jetpack-related-posts":[],"jetpack_likes_enabled":true,"jetpack_sharing_enabled":true,"_links":{"self":[{"href":"https:\/\/files4revival.com\/fr\/wp-json\/wp\/v2\/pages\/2102","targetHints":{"allow":["GET"]}}],"collection":[{"href":"https:\/\/files4revival.com\/fr\/wp-json\/wp\/v2\/pages"}],"about":[{"href":"https:\/\/files4revival.com\/fr\/wp-json\/wp\/v2\/types\/page"}],"author":[{"embeddable":true,"href":"https:\/\/files4revival.com\/fr\/wp-json\/wp\/v2\/users\/1"}],"replies":[{"embeddable":true,"href":"https:\/\/files4revival.com\/fr\/wp-json\/wp\/v2\/comments?post=2102"}],"version-history":[{"count":0,"href":"https:\/\/files4revival.com\/fr\/wp-json\/wp\/v2\/pages\/2102\/revisions"}],"wp:featuredmedia":[{"embeddable":true,"href":"https:\/\/files4revival.com\/fr\/wp-json\/wp\/v2\/media\/1315"}],"wp:attachment":[{"href":"https:\/\/files4revival.com\/fr\/wp-json\/wp\/v2\/media?parent=2102"}],"curies":[{"name":"wp","href":"https:\/\/api.w.org\/{rel}","templated":true}]}}